{"id":143,"date":"2016-06-20T07:48:11","date_gmt":"2016-06-20T06:48:11","guid":{"rendered":"http:\/\/sw-themes.com\/porto_dummy\/?page_id=143"},"modified":"2026-04-14T18:17:40","modified_gmt":"2026-04-14T17:17:40","slug":"unser-hotel","status":"publish","type":"page","link":"https:\/\/boutiquehotel-angerer.de\/en\/","title":{"rendered":"Unser Hotel"},"content":{"rendered":"<div class=\"vc_row wpb_row row top-row\"><div class=\"vc_column_container col-md-12\"><div class=\"wpb_wrapper vc_column-inner\">\n\t<div class=\"wpb_raw_code wpb_content_element wpb_raw_html\" >\n\t\t<div class=\"wpb_wrapper\">\n\t\t\t<center>\n<video width=\"800\" controls>\n  <source src=\"https:\/\/boutiquehotel-angerer.de\/wp-content\/uploads\/2026\/04\/Angerer-Sommer.mp4\" type=\"video\/mp4\">\n<\/video>\n<\/center>\n\t\t<\/div>\n\t<\/div>\n<\/div><\/div><\/div><div class=\"vc_row wpb_row top-row vc_custom_1653558610764 mt-0 vc_row-has-fill porto-inner-container\"><div class=\"porto-wrap-container container\"><div class=\"row align-items-center\"><div class=\"vc_column_container col-md-12 offset-lg-1 col-lg-10\"><div class=\"wpb_wrapper vc_column-inner\"><div class=\"vc_row wpb_row vc_inner row vc_row-o-content-middle vc_row-flex\"><div class=\"vc_column_container col-md-6\"><div class=\"wpb_wrapper vc_column-inner\">\n\t<div class=\"wpb_text_column wpb_content_element\" >\n\t\t<div class=\"wpb_wrapper\">\n\t\t\t<h1>Unser Hotel<\/h1>\n\n\t\t<\/div>\n\t<\/div>\n\n\t<div class=\"wpb_text_column wpb_content_element\" >\n\t\t<div class=\"wpb_wrapper\">\n\t\t\t<p>Unsere Hotelanlage hat ca. 6.900 qm und besteht aus zwei harmonischen Geb\u00e4uden mit Haupt-\/ Nebenhaus in ruhiger und doch zentraler Lage \u00f6stlich von Murnauer Zentrum gelegen. Besonderheit unserer Hotellage ist die fu\u00dfl\u00e4ufige N\u00e4he (ca. 10 Gehminuten) zur bekannten Fu\u00dfg\u00e4ngerzone Murnau mit seiner Vielzahl an Gesch\u00e4ften, Shopping Boutiquen und Gastronomien, sowie zu den beiden w\u00e4rmsten Badeseen Froschhauser See &amp; Riegsee\u201c.<br \/>\n<strong><br \/>\nNaturbegeisterte<\/strong> finden im Boutique Hotel Angerer den perfekten Ausgangspunkt f\u00fcr ausgiebige Wanderungen oder Fahrradtouren im bedeutenden Naturschutzgebiet Murnauer Moos mit seiner seltenen Flora &amp; Fauna.<\/p>\n\n\t\t<\/div>\n\t<\/div>\n<div class=\"vc_btn3-container vc_btn3-inline\" >\n\t<a class=\"vc_btn3 vc_btn3-shape-default wpb_custom_c5e4828e6e4077bcb6941006d93dc800 btn btn-md btn-primary btn-arrow\" style=\"font-size:30px; font-weight:400; letter-spacing:2px; padding:0px 0px;\" href=\"https:\/\/boutiquehotel-angerer.de\/en\/ueber-uns\/\" title=\"\u00dcber uns\">\u00dcber uns<span class=\"icon-wrapper\"><i class=\"fas fa-chevron-right\"><\/i><\/span><\/a>\t<\/div>\n<\/div><\/div><div class=\"vc_column_container col-md-6\"><div class=\"wpb_wrapper vc_column-inner\">\n\t<div class=\"wpb_single_image wpb_content_element vc_align_left\">\n\t\t<div class=\"wpb_wrapper\">\n\t\t\t\n\t\t\t<div class=\"vc_single_image-wrapper   vc_box_border_grey\"><img loading=\"lazy\" decoding=\"async\" width=\"650\" height=\"449\" src=\"https:\/\/boutiquehotel-angerer.de\/wp-content\/uploads\/2023\/05\/Hotel-Angerer.jpg\" class=\"vc_single_image-img attachment-full\" alt=\"\" title=\"Hotel Angerer\" srcset=\"https:\/\/boutiquehotel-angerer.de\/wp-content\/uploads\/2023\/05\/Hotel-Angerer.jpg 650w, https:\/\/boutiquehotel-angerer.de\/wp-content\/uploads\/2023\/05\/Hotel-Angerer-640x442.jpg 640w, https:\/\/boutiquehotel-angerer.de\/wp-content\/uploads\/2023\/05\/Hotel-Angerer-400x276.jpg 400w, https:\/\/boutiquehotel-angerer.de\/wp-content\/uploads\/2023\/05\/Hotel-Angerer-367x254.jpg 367w\" sizes=\"auto, (max-width: 650px) 100vw, 650px\" \/><\/div>\n\t\t<\/div>\n\t<\/div>\n<\/div><\/div><\/div><\/div><\/div><\/div><\/div><\/div><div data-vc-full-width=\"true\" data-vc-full-width-init=\"false\" data-vc-stretch-content=\"true\" class=\"vc_row wpb_row row top-row vc_custom_1687184553422 text-left vc_row-has-fill vc_row-no-padding vc_row-o-full-height vc_row-o-columns-top vc_row-flex\"><div class=\"vc_column_container col-md-12 offset-lg-3 col-lg-6 vc_custom_1653546530768\"><div class=\"wpb_wrapper vc_column-inner\"><div class=\"vc_btn3-container vc_btn3-inline vc_custom_1686318971428\" >\n\t<a class=\"vc_btn3 vc_btn3-shape-default wpb_custom_c5e4828e6e4077bcb6941006d93dc800 btn btn-md btn-primary btn-arrow\" style=\"font-size:30px; font-weight:400; letter-spacing:2px; padding:0px 0px;\" href=\"https:\/\/boutiquehotel-angerer.de\/en\/umgebung\/\" title=\"\">AKTIVIT\u00c4TEN IN MURNAU AM STAFFELSEE<span class=\"icon-wrapper\"><i class=\"fas fa-chevron-right\"><\/i><\/span><\/a>\t<\/div>\n<\/div><\/div><\/div><div class=\"vc_row-full-width vc_clearfix\"><\/div><div data-vc-full-width=\"true\" data-vc-full-width-init=\"false\" data-vc-stretch-content=\"true\" class=\"vc_row wpb_row row top-row fixed-bg vc_custom_1687184570343 text-left vc_row-has-fill vc_row-no-padding vc_row-o-content-middle vc_row-flex\"><div class=\"vc_column_container col-md-12 offset-lg-3 col-lg-6\"><div class=\"wpb_wrapper vc_column-inner\">\n\t<div class=\"wpb_text_column wpb_content_element  vc_custom_1684921460441 text-light\" >\n\t\t<div class=\"wpb_wrapper\">\n\t\t\t<h1>Komfortable Zimmer<\/h1>\n\n\t\t<\/div>\n\t<\/div>\n<div class=\"vc_btn3-container vc_btn3-inline vc_custom_1684921515578\" >\n\t<a class=\"vc_btn3 vc_btn3-shape-default wpb_custom_c5e4828e6e4077bcb6941006d93dc800 btn btn-md btn-primary btn-arrow\" style=\"font-size:30px; font-weight:400; letter-spacing:2px; padding:0px 0px;\" href=\"https:\/\/boutiquehotel-angerer.de\/en\/zimmerkategorien\/\" title=\"Unsere Zimmer\">ZIMMERKATEGORIEN<span class=\"icon-wrapper\"><i class=\"fas fa-chevron-right\"><\/i><\/span><\/a>\t<\/div>\n<\/div><\/div><\/div><div class=\"vc_row-full-width vc_clearfix\"><\/div><div data-vc-parallax=\"1.5\" data-vc-parallax-image=\"https:\/\/boutiquehotel-angerer.de\/wp-content\/uploads\/2022\/05\/parallax-hotel-map.png\" class=\"vc_row wpb_row top-row testimonial-section vc_custom_1687184521599 section section-parallax mt-0 mb-0 section-no-borders text-center vc_row-has-fill vc_general vc_parallax vc_parallax-content-moving porto-inner-container\"><div class=\"porto-wrap-container container\"><div class=\"row\"><div class=\"vc_column_container col-md-12\"><div class=\"wpb_wrapper vc_column-inner\"><h1 style=\"color: #644241;text-align: center\" class=\"vc_custom_heading vc_custom_1684919405055 heading-dark\">So bewerten uns unsere G\u00e4ste<\/h1><div class=\"porto-separator short\"><div class=\"divider divider-small  vc_custom_1653554392794 align_center solid divider-small-center\"><hr  style=\"background-color:#644241;height:3px;\"><\/div><\/div><\/div><\/div><div class=\"px-lg-5 mb-4 pb-2 vc_column_container col-md-12 vc_custom_1627551197283\"><div class=\"wpb_wrapper vc_column-inner\"><div class=\"porto-carousel owl-carousel has-ccols ccols-1 bg-white wpb_custom_c86c2fb53cae9eced42d4b8900a042f3\" data-plugin-options=\"{&quot;stagePadding&quot;:0,&quot;margin&quot;:0,&quot;autoplay&quot;:false,&quot;mouseDrag&quot;:true,&quot;touchDrag&quot;:true,&quot;autoplayTimeout&quot;:5000,&quot;autoplayHoverPause&quot;:false,&quot;items&quot;:1,&quot;lg&quot;:1,&quot;md&quot;:1,&quot;sm&quot;:1,&quot;xs&quot;:1,&quot;nav&quot;:false,&quot;dots&quot;:&quot;yes&quot;,&quot;animateIn&quot;:&quot;&quot;,&quot;animateOut&quot;:&quot;&quot;,&quot;loop&quot;:false,&quot;center&quot;:false,&quot;video&quot;:false,&quot;lazyLoad&quot;:false,&quot;fullscreen&quot;:false}\"><div class=\"porto-testimonial wpb_content_element appear-animation  px-md-4 mx-xl-3 my-3\" data-appear-animation=\"fadeInUp\"><div class=\"testimonial testimonial-style-2 testimonial-with-quotes\"><img loading=\"lazy\" decoding=\"async\" class=\"img-responsive img-circle\" src=\"\/\/boutiquehotel-angerer.de\/wp-content\/uploads\/2023\/05\/booking.com_.jpg\" alt=\"BOOKING.COM - Tanja, de\" width=\"100\" height=\"100\"><blockquote class=\"testimonial-carousel\"><p>Es war eine sehr sch\u00f6ne Zeit. Wir haben uns so wohl gef\u00fchlt wie bei Freunden. Die Gastgeber waren so nett und freundlich, wie ich es noch nie erlebt habe. Das Zimmer war einfach ein Traum. Die Ausstattung und die Aussicht waren herrlich mit Blick auf die Zugspitze. 2herrliche Balkone. Sehr sch\u00f6ne bequeme Betten und ein gro\u00dfes Bad mit regendusche. Das Fr\u00fchst\u00fcck war sehr lecker und alles da, was man sich vorstellen kann. Auf Wunsch frische Eier. Es war sehr sch\u00f6n eingedeckt an Ostern. Ein danke an die Familie Angerer f\u00fcr die Gastfreundschaft.<\/p><\/blockquote><div class=\"testimonial-author\"><p><strong>BOOKING.COM - Tanja, de<\/strong><span><\/span><\/p><\/div><\/div><\/div><div class=\"porto-testimonial wpb_content_element appear-animation  px-md-4 mx-xl-3 my-3\" data-appear-animation=\"fadeInUp\"><div class=\"testimonial testimonial-style-2 testimonial-with-quotes\"><img loading=\"lazy\" decoding=\"async\" class=\"img-responsive img-circle\" src=\"\/\/boutiquehotel-angerer.de\/wp-content\/uploads\/2023\/05\/booking.com_.jpg\" alt=\"BOOKING.COM - Sandra, de\" width=\"100\" height=\"100\"><blockquote class=\"testimonial-carousel\"><p>Familie Angerer war sehr freundlich und hat alles m\u00f6glich gemacht, um den Aufenthalt angenehm zu machen.<\/p><\/blockquote><div class=\"testimonial-author\"><p><strong>BOOKING.COM - Sandra, de<\/strong><span><\/span><\/p><\/div><\/div><\/div><div class=\"porto-testimonial wpb_content_element appear-animation  px-md-4 mx-xl-3 my-3\" data-appear-animation=\"fadeInUp\"><div class=\"testimonial testimonial-style-2 testimonial-with-quotes\"><img loading=\"lazy\" decoding=\"async\" class=\"img-responsive img-circle\" src=\"\/\/boutiquehotel-angerer.de\/wp-content\/uploads\/2023\/05\/booking.com_.jpg\" alt=\"BOOKING.COM - Udo, de\" width=\"100\" height=\"100\"><blockquote class=\"testimonial-carousel\"><p>Die Familie, ist wunderbar. Man f\u00fchlt sich sofort heimisch. Ein sehr freundlicher Empfang: ist sicher! Haben wir so noch nie erlebt. Man kommt in kein Hotel. Es ist, als w\u00fcrde man die Familie besuchen, die man lange nicht besucht hat. Wunderbar warm und herzlich!<\/p><\/blockquote><div class=\"testimonial-author\"><p><strong>BOOKING.COM - Udo, de<\/strong><span><\/span><\/p><\/div><\/div><\/div><div class=\"porto-testimonial wpb_content_element appear-animation  px-md-4 mx-xl-3 my-3\" data-appear-animation=\"fadeInUp\"><div class=\"testimonial testimonial-style-2 testimonial-with-quotes\"><img loading=\"lazy\" decoding=\"async\" class=\"img-responsive img-circle\" src=\"\/\/boutiquehotel-angerer.de\/wp-content\/uploads\/2023\/05\/Google-logo.jpg\" alt=\"GOOGLE - T. Langi\" width=\"100\" height=\"100\"><blockquote class=\"testimonial-carousel\"><p>Freundlichkeit wird hier gro\u00dfgeschrieben. Unser Zimmer mit Bergblick war einfach genial. Egal ob auf dem Balkon oder auf dem Bett sitzend, wir hatten die Berge immer im Blick. Vielen lieben Dank f\u00fcr ein paar wundersch\u00f6ne Tage in Murnau. Wir haben uns sehr wohl gef\u00fchlt.<\/p><\/blockquote><div class=\"testimonial-author\"><p><strong>GOOGLE - T. Langi<\/strong><span><\/span><\/p><\/div><\/div><\/div><div class=\"porto-testimonial wpb_content_element appear-animation  px-md-4 mx-xl-3 my-3\" data-appear-animation=\"fadeInUp\"><div class=\"testimonial testimonial-style-2 testimonial-with-quotes\"><img loading=\"lazy\" decoding=\"async\" class=\"img-responsive img-circle\" src=\"\/\/boutiquehotel-angerer.de\/wp-content\/uploads\/2023\/05\/Google-logo.jpg\" alt=\"GOOGLE - H\u00e9ctor Silva\" width=\"100\" height=\"100\"><blockquote class=\"testimonial-carousel\"><p><strong>Alleinreisende<\/strong><br \/>\nIch kann nur guten Sachen meines Aufenthaltes erz\u00e4hlen. Der Besitzer hat mich pers\u00f6nlich am HBF abgeholt und der letzte Tag hat mich auch zur\u00fcckgefahren. Das Zimmer und das ganze Hotel war sehr sauber und das Personal sehr freundlich. Die Auswahl des Fr\u00fchst\u00fccks ist ausgezeichnet. In Zehn Minuten zum Fu\u00df ist man im Zentrum oder am Froschsee. Sehr gerne wieder bei Familie Angerer.<\/p><\/blockquote><div class=\"testimonial-author\"><p><strong>GOOGLE - H\u00e9ctor Silva<\/strong><span><\/span><\/p><\/div><\/div><\/div><div class=\"porto-testimonial wpb_content_element appear-animation  px-md-4 mx-xl-3 my-3\" data-appear-animation=\"fadeInUp\"><div class=\"testimonial testimonial-style-2 testimonial-with-quotes\"><img loading=\"lazy\" decoding=\"async\" class=\"img-responsive img-circle\" src=\"\/\/boutiquehotel-angerer.de\/wp-content\/uploads\/2023\/05\/Google-logo.jpg\" alt=\"GOOGLE - Sava Valeria\" width=\"100\" height=\"100\"><blockquote class=\"testimonial-carousel\"><p>Sehr charmantes Hotel mit super nette, herzliche und hilfsbereite Gastgeber:) f\u00fcr mich die Besten! Das Hotel ist liebevoll und stilvoll eingerichtet. Es ist sauber, das Fr\u00fchst\u00fcck ist sehr lecker und vielf\u00e4ltig alle W\u00fcnsche wurden erf\u00fcllt). Die Gegend ist toll, es gab sehr viel zu erkunden. Sigi und T\u00fcnde haben uns die besten Ausflugstipps gegeben und wir haben uns jeden Morgen auf einen netten Plausch mit den beiden sehr gefreut ich werde auf jeden Fall dieses tolle Hotel warm Herzens weiterempfehlen und wenn wir wieder in der Gegend sein werden, schauen wir gerne wieder vorbei!<\/p><\/blockquote><div class=\"testimonial-author\"><p><strong>GOOGLE - Sava Valeria<\/strong><span><\/span><\/p><\/div><\/div><\/div><\/div><\/div><\/div><\/div><\/div><\/div>","protected":false},"excerpt":{"rendered":"Unser Hotel Unsere Hotelanlage hat ca. 6.900 qm und besteht aus zwei harmonischen Geb\u00e4uden mit Haupt-\/ Nebenhaus in ruhiger und doch zentraler Lage \u00f6stlich von Murnauer Zentrum gelegen. Besonderheit unserer Hotellage ist die fu\u00dfl\u00e4ufige N\u00e4he (ca. 10 Gehminuten) zur bekannten Fu\u00dfg\u00e4ngerzone Murnau mit seiner Vielzahl an Gesch\u00e4ften, Shopping Boutiquen und Gastronomien, sowie zu den beiden [...]","protected":false},"author":1,"featured_media":0,"parent":0,"menu_order":0,"comment_status":"closed","ping_status":"closed","template":"","meta":{"footnotes":""},"class_list":["post-143","page","type-page","status-publish","hentry"],"_links":{"self":[{"href":"https:\/\/boutiquehotel-angerer.de\/en\/wp-json\/wp\/v2\/pages\/143","targetHints":{"allow":["GET"]}}],"collection":[{"href":"https:\/\/boutiquehotel-angerer.de\/en\/wp-json\/wp\/v2\/pages"}],"about":[{"href":"https:\/\/boutiquehotel-angerer.de\/en\/wp-json\/wp\/v2\/types\/page"}],"author":[{"embeddable":true,"href":"https:\/\/boutiquehotel-angerer.de\/en\/wp-json\/wp\/v2\/users\/1"}],"replies":[{"embeddable":true,"href":"https:\/\/boutiquehotel-angerer.de\/en\/wp-json\/wp\/v2\/comments?post=143"}],"version-history":[{"count":84,"href":"https:\/\/boutiquehotel-angerer.de\/en\/wp-json\/wp\/v2\/pages\/143\/revisions"}],"predecessor-version":[{"id":2897,"href":"https:\/\/boutiquehotel-angerer.de\/en\/wp-json\/wp\/v2\/pages\/143\/revisions\/2897"}],"wp:attachment":[{"href":"https:\/\/boutiquehotel-angerer.de\/en\/wp-json\/wp\/v2\/media?parent=143"}],"curies":[{"name":"wp","href":"https:\/\/api.w.org\/{rel}","templated":true}]}}