{"id":2851,"date":"2023-06-13T10:29:43","date_gmt":"2023-06-13T09:29:43","guid":{"rendered":"https:\/\/hotelangerer.pfacode.co.in\/?page_id=2851"},"modified":"2023-06-19T15:26:01","modified_gmt":"2023-06-19T14:26:01","slug":"fruehstueck","status":"publish","type":"page","link":"https:\/\/boutiquehotel-angerer.de\/en\/fruehstueck\/","title":{"rendered":"Fr\u00fchst\u00fcck"},"content":{"rendered":"<div data-vc-full-width=\"true\" data-vc-full-width-init=\"false\" data-vc-stretch-content=\"true\" class=\"vc_row wpb_row top-row vc_custom_1686649109982 mt-0 vc_row-has-fill vc_row-no-padding porto-inner-container\"><div class=\"porto-wrap-container container\"><div class=\"row align-items-center\"><div class=\"vc_column_container col-md-12 offset-lg-1 col-lg-10 vc_custom_1653555575088\"><div class=\"wpb_wrapper vc_column-inner\"><div class=\"vc_row wpb_row vc_inner row vc_column-gap-35 vc_row-o-content-middle vc_row-flex\"><div class=\"vc_column_container col-md-6\"><div class=\"wpb_wrapper vc_column-inner\">\n\t<div class=\"wpb_single_image wpb_content_element vc_align_left\">\n\t\t<div class=\"wpb_wrapper\">\n\t\t\t\n\t\t\t<div class=\"vc_single_image-wrapper   vc_box_border_grey\"><img loading=\"lazy\" decoding=\"async\" width=\"600\" height=\"400\" src=\"https:\/\/boutiquehotel-angerer.de\/wp-content\/uploads\/2023\/06\/image1.webp\" class=\"vc_single_image-img attachment-full\" alt=\"\" title=\"image1\" srcset=\"https:\/\/boutiquehotel-angerer.de\/wp-content\/uploads\/2023\/06\/image1.webp 600w, https:\/\/boutiquehotel-angerer.de\/wp-content\/uploads\/2023\/06\/image1-400x267.webp 400w, https:\/\/boutiquehotel-angerer.de\/wp-content\/uploads\/2023\/06\/image1-367x245.webp 367w\" sizes=\"auto, (max-width: 600px) 100vw, 600px\" \/><\/div>\n\t\t<\/div>\n\t<\/div>\n<\/div><\/div><div class=\"vc_column_container col-md-6\"><div class=\"wpb_wrapper vc_column-inner\">\n\t<div class=\"wpb_text_column wpb_content_element  d-none\" >\n\t\t<div class=\"wpb_wrapper\">\n\t\t\t<h1 class=\"custom-font1\">Bio Vital und lecker<\/h1>\n\n\t\t<\/div>\n\t<\/div>\n\n\t<div class=\"wpb_text_column wpb_content_element\" >\n\t\t<div class=\"wpb_wrapper\">\n\t\t\t<p>Starten Sie genussvoll in den Tag und lassen Sie sich von unserem reichhaltigen regionales Fr\u00fchst\u00fccksbuffet verw\u00f6hnen.<\/p>\n\n\t\t<\/div>\n\t<\/div>\n\n\t<div class=\"wpb_text_column wpb_content_element\" >\n\t\t<div class=\"wpb_wrapper\">\n\t\t\t<p><strong>UNSER FR\u00dcHST\u00dcCKSBUFFET BEINHALTET:<\/strong><\/p>\n<ul>\n<li>kalte und warme Speisen<\/li>\n<li>R\u00fchrei in drei Variationen<\/li>\n<li>M\u00fcsli und Cornflakes<\/li>\n<li>Geb\u00e4ck<\/li>\n<li>S\u00fc\u00dfe Aufstriche<\/li>\n<li>frisches Obst<\/li>\n<li>Rohkost<\/li>\n<li>Wurst und K\u00e4se<\/li>\n<li>Getr\u00e4nke<\/li>\n<\/ul>\n\n\t\t<\/div>\n\t<\/div>\n<\/div><\/div><\/div><div class=\"vc_row wpb_row vc_inner row vc_column-gap-35 vc_row-o-content-middle vc_row-flex\"><div class=\"vc_column_container col-md-6\"><div class=\"wpb_wrapper vc_column-inner\">\n\t<div class=\"wpb_text_column wpb_content_element  d-none\" >\n\t\t<div class=\"wpb_wrapper\">\n\t\t\t<h1 class=\"custom-font1\">Fr\u00fchst\u00fcck f\u00fcr jedermann.<\/h1>\n\n\t\t<\/div>\n\t<\/div>\n\n\t<div class=\"wpb_text_column wpb_content_element\" >\n\t\t<div class=\"wpb_wrapper\">\n\t\t\t<p>Sie sind <b>kein \u00dcbernachtungsgast<\/b> unseres Hauses, m\u00f6chten aber dennoch bei uns fr\u00fchst\u00fccken? <b>Auch das ist jederzeit m\u00f6glich<\/b>.<\/p>\n\n\t\t<\/div>\n\t<\/div>\n\n\t<div class=\"wpb_text_column wpb_content_element\" >\n\t\t<div class=\"wpb_wrapper\">\n\t\t\t<p>F\u00fcr nur 18,90 \u20ac (pro Person) K\u00f6nnen auch Sie Montag bis Sonntag unser leckeres regionales Fr\u00fchst\u00fcck genie\u00dfen.<\/p>\n<p><a href=\"https:\/\/boutiquehotel-angerer.de\/en\/kontakt\/\"><b>Kontaktieren Sie uns<\/b>!<\/a><\/p>\n\n\t\t<\/div>\n\t<\/div>\n<\/div><\/div><div class=\"vc_column_container col-md-6\"><div class=\"wpb_wrapper vc_column-inner\">\n\t<div class=\"wpb_single_image wpb_content_element vc_align_left\">\n\t\t<div class=\"wpb_wrapper\">\n\t\t\t\n\t\t\t<div class=\"vc_single_image-wrapper   vc_box_border_grey\"><img loading=\"lazy\" decoding=\"async\" width=\"600\" height=\"400\" src=\"https:\/\/boutiquehotel-angerer.de\/wp-content\/uploads\/2023\/06\/image2.webp\" class=\"vc_single_image-img attachment-full\" alt=\"\" title=\"image2\" srcset=\"https:\/\/boutiquehotel-angerer.de\/wp-content\/uploads\/2023\/06\/image2.webp 600w, https:\/\/boutiquehotel-angerer.de\/wp-content\/uploads\/2023\/06\/image2-400x267.webp 400w, https:\/\/boutiquehotel-angerer.de\/wp-content\/uploads\/2023\/06\/image2-367x245.webp 367w\" sizes=\"auto, (max-width: 600px) 100vw, 600px\" \/><\/div>\n\t\t<\/div>\n\t<\/div>\n<\/div><\/div><\/div><\/div><\/div><\/div><\/div><\/div><div class=\"vc_row-full-width vc_clearfix\"><\/div>","protected":false},"excerpt":{"rendered":"Bio Vital und lecker Starten Sie genussvoll in den Tag und lassen Sie sich von unserem reichhaltigen regionales Fr\u00fchst\u00fccksbuffet verw\u00f6hnen. UNSER FR\u00dcHST\u00dcCKSBUFFET BEINHALTET: kalte und warme Speisen R\u00fchrei in drei Variationen M\u00fcsli und Cornflakes Geb\u00e4ck S\u00fc\u00dfe Aufstriche frisches Obst Rohkost Wurst und K\u00e4se Getr\u00e4nke Fr\u00fchst\u00fcck f\u00fcr jedermann. Sie sind kein \u00dcbernachtungsgast unseres Hauses, m\u00f6chten aber [...]","protected":false},"author":1,"featured_media":0,"parent":0,"menu_order":0,"comment_status":"closed","ping_status":"closed","template":"","meta":{"footnotes":""},"class_list":["post-2851","page","type-page","status-publish","hentry"],"_links":{"self":[{"href":"https:\/\/boutiquehotel-angerer.de\/en\/wp-json\/wp\/v2\/pages\/2851","targetHints":{"allow":["GET"]}}],"collection":[{"href":"https:\/\/boutiquehotel-angerer.de\/en\/wp-json\/wp\/v2\/pages"}],"about":[{"href":"https:\/\/boutiquehotel-angerer.de\/en\/wp-json\/wp\/v2\/types\/page"}],"author":[{"embeddable":true,"href":"https:\/\/boutiquehotel-angerer.de\/en\/wp-json\/wp\/v2\/users\/1"}],"replies":[{"embeddable":true,"href":"https:\/\/boutiquehotel-angerer.de\/en\/wp-json\/wp\/v2\/comments?post=2851"}],"version-history":[{"count":9,"href":"https:\/\/boutiquehotel-angerer.de\/en\/wp-json\/wp\/v2\/pages\/2851\/revisions"}],"predecessor-version":[{"id":2865,"href":"https:\/\/boutiquehotel-angerer.de\/en\/wp-json\/wp\/v2\/pages\/2851\/revisions\/2865"}],"wp:attachment":[{"href":"https:\/\/boutiquehotel-angerer.de\/en\/wp-json\/wp\/v2\/media?parent=2851"}],"curies":[{"name":"wp","href":"https:\/\/api.w.org\/{rel}","templated":true}]}}