{"id":55,"date":"2016-06-13T15:48:45","date_gmt":"2016-06-13T14:48:45","guid":{"rendered":"http:\/\/sw-themes.com\/porto_dummy\/?page_id=55"},"modified":"2024-02-27T11:59:40","modified_gmt":"2024-02-27T10:59:40","slug":"ueber-uns","status":"publish","type":"page","link":"https:\/\/boutiquehotel-angerer.de\/en\/ueber-uns\/","title":{"rendered":"\u00dcber uns"},"content":{"rendered":"<div data-vc-full-width=\"true\" data-vc-full-width-init=\"false\" data-vc-stretch-content=\"true\" class=\"vc_row wpb_row top-row vc_custom_1653558647794 mt-0 vc_row-has-fill vc_row-no-padding porto-inner-container\"><div class=\"porto-wrap-container container\"><div class=\"row align-items-center\"><div class=\"vc_column_container col-md-12 offset-lg-1 col-lg-10 vc_custom_1653555575088\"><div class=\"wpb_wrapper vc_column-inner\">\n\t<div class=\"wpb_text_column wpb_content_element\" >\n\t\t<div class=\"wpb_wrapper\">\n\t\t\t<p style=\"text-align: center;\"><strong>Herzlich Willkommen<\/strong>, bei uns im familiengef\u00fchrten stillvollen<br \/>\n<strong>Boutique Hotel Angerer Murnau<\/strong> am Staffelsee,<br \/>\n<strong>zwischen den Bergen und Seen<\/strong> gelegen.<\/p>\n\n\t\t<\/div>\n\t<\/div>\n<div class=\"vc_row wpb_row vc_inner row\"><div class=\"vc_column_container col-md-6\"><div class=\"wpb_wrapper vc_column-inner\">\n\t<div class=\"wpb_single_image wpb_content_element vc_align_left\">\n\t\t<div class=\"wpb_wrapper\">\n\t\t\t\n\t\t\t<div class=\"vc_single_image-wrapper   vc_box_border_grey\"><img loading=\"lazy\" decoding=\"async\" width=\"650\" height=\"342\" src=\"https:\/\/boutiquehotel-angerer.de\/wp-content\/uploads\/2023\/05\/Uber-uns.jpg\" class=\"vc_single_image-img attachment-full\" alt=\"\" title=\"\u00dcber uns\" srcset=\"https:\/\/boutiquehotel-angerer.de\/wp-content\/uploads\/2023\/05\/Uber-uns.jpg 650w, https:\/\/boutiquehotel-angerer.de\/wp-content\/uploads\/2023\/05\/Uber-uns-640x337.jpg 640w, https:\/\/boutiquehotel-angerer.de\/wp-content\/uploads\/2023\/05\/Uber-uns-400x210.jpg 400w, https:\/\/boutiquehotel-angerer.de\/wp-content\/uploads\/2023\/05\/Uber-uns-367x193.jpg 367w\" sizes=\"auto, (max-width: 650px) 100vw, 650px\" \/><\/div>\n\t\t<\/div>\n\t<\/div>\n<\/div><\/div><div class=\"vc_column_container col-md-6\"><div class=\"wpb_wrapper vc_column-inner\">\n\t<div class=\"wpb_text_column wpb_content_element  d-none\" >\n\t\t<div class=\"wpb_wrapper\">\n\t\t\t<h1 class=\"custom-font1\">Boutique Hotel Angerer Murnau<\/h1>\n\n\t\t<\/div>\n\t<\/div>\n\n\t<div class=\"wpb_text_column wpb_content_element\" >\n\t\t<div class=\"wpb_wrapper\">\n\t\t\t<p>Herzlich Willkommen im Boutique Hotel Angerer Murnau am Staffelsee, zwischen den Bergen und Seen gelegen<\/p>\n<p>Entdecken Sie unser neues Boutique Hotel Angerer mit Haupt-\/ Nebengeb\u00e4ude:<br \/>\nHier finden Sie die Ruhe und Kraft f\u00fcr einen erholsamen Urlaub im Blauen Land Murnau rund um den Staffelsee. Die gro\u00dfz\u00fcgige Hotelanlage bietet Ihnen reichlich Platz auf 6.900 qm und finden Sie hier Ihren pers\u00f6nlichen Lieblingsplatz. Genie\u00dfen Sie die sonnige Liegewiese, sowie die Stille unter bayrischen Himmel.<\/p>\n<p>Naturbegeisterte finden im Boutique Hotel Angerer Murnau, den perfekten Ausgangspunkt f\u00fcr Wanderungen oder Fahradtouren im Blauen Land rund um das Staffelseegebiet. Von unserem Hotel aus k\u00f6nnen Sie In ca. 10 Gehminuten die bekannten Badeseen, Froschhauser See und Riegsee erreichen. Das Zentrum von Murnau ebenfalls in wenigen Gehminuten.<\/p>\n<p>Unser hoteleigener Concierge Service informiert Sie \u00fcber sehenswerte Ausflugsm\u00f6glichkeiten im Blauen Land rund um Murnau:<br \/>\nWir organisieren f\u00fcr Sie ausgew\u00e4hlte gef\u00fchrte Wanderungen und Mountainbike Touren rund um das Staffelseegebiet und Murnauer-Moos.<\/p>\n<p>Lassen Sie sich verw\u00f6hnen von uns und genie\u00dfen Sie die sch\u00f6nste Zeit des Jahres hier im Boutique Hotel Angerer Murnau am Staffelsee.<\/p>\n<p>Wir freuen uns auf Ihren Besuch.<\/p>\n<p><strong>Ihre Gastgeber, Familie Angerer<\/strong><br \/>\n<strong>Boutique Hotel Angerer Murnau<\/strong><\/p>\n\n\t\t<\/div>\n\t<\/div>\n<\/div><\/div><\/div><\/div><\/div><\/div><\/div><\/div><div class=\"vc_row-full-width vc_clearfix\"><\/div><div data-vc-full-width=\"true\" data-vc-full-width-init=\"false\" data-vc-stretch-content=\"true\" class=\"vc_row wpb_row top-row fixed-bg1 vc_custom_1687184608372 mt-0 vc_row-has-fill vc_row-no-padding porto-inner-container\"><div class=\"porto-wrap-container container\"><div class=\"row align-items-center\"><div class=\"vc_column_container col-md-12 offset-lg-1 col-lg-10 vc_custom_1653555575088\"><div class=\"wpb_wrapper vc_column-inner\"><div class=\"vc_row wpb_row vc_inner row\"><div class=\"vc_column_container col-md-12\"><div class=\"wpb_wrapper vc_column-inner\"><div class=\"porto-btn-ctn-center\"><a class=\"porto-btn porto-adjust-bottom-margin porto-btn-normal porto-btn-right-bg  wpb_custom_f3a44a2b03001becb32da52b2a018e43  porto-btn-center\" title='Book Now' rel='' href = \"https:\/\/hotels.cloudbeds.com\/en\/reservation\/G1WYj6?currency=EUR#checkin=2024-02-27&#038;checkout=2024-02-28&#038;rid=179798&#038;rpid=default&#038;origin=gha&#038;gha_advance_booking_window=3&#038;gha_google_site=localuniversal&#038;gha_length=2&#038;gha_price_displayed_total=20446.79&#038;gha_user_country=IN&#038;gha_user_currency=INR&#038;gha_user_device=desktop&#038;gha_user_language=en&#038;gha_is_ad_click=0&#038;gha_is_click_type_hotel=1&#038;gha_is_click_type_room=0&#038;gha_is_hotel_campaign=1&#038;gha_is_promoted=0&#038;adults=2&#038;kids=0\" target='_blank' data-hover=\"#ffffff\" data-border-color=\"\" data-bg=\"#edab00\" data-hover-bg=\"#000000\" data-border-hover=\"\" data-shadow-click=\"none\" data-shadow=\"\" style=\"border:none;background: #edab00;color: #ffffff;\"><span class=\"porto-btn-hover\" style=\"background-color:#000000\"><\/span><span class=\"porto-btn-data porto-btn-text\" >ZUR BUCHUNG<\/span><\/a><\/div><\/div><\/div><\/div><\/div><\/div><\/div><\/div><\/div><div class=\"vc_row-full-width vc_clearfix\"><\/div>","protected":false},"excerpt":{"rendered":"Herzlich Willkommen, bei uns im familiengef\u00fchrten stillvollen Boutique Hotel Angerer Murnau am Staffelsee, zwischen den Bergen und Seen gelegen. Boutique Hotel Angerer Murnau Herzlich Willkommen im Boutique Hotel Angerer Murnau am Staffelsee, zwischen den Bergen und Seen gelegen Entdecken Sie unser neues Boutique Hotel Angerer mit Haupt-\/ Nebengeb\u00e4ude: Hier finden Sie die Ruhe und Kraft [...]","protected":false},"author":1,"featured_media":0,"parent":0,"menu_order":0,"comment_status":"closed","ping_status":"closed","template":"","meta":{"footnotes":""},"class_list":["post-55","page","type-page","status-publish","hentry"],"_links":{"self":[{"href":"https:\/\/boutiquehotel-angerer.de\/en\/wp-json\/wp\/v2\/pages\/55","targetHints":{"allow":["GET"]}}],"collection":[{"href":"https:\/\/boutiquehotel-angerer.de\/en\/wp-json\/wp\/v2\/pages"}],"about":[{"href":"https:\/\/boutiquehotel-angerer.de\/en\/wp-json\/wp\/v2\/types\/page"}],"author":[{"embeddable":true,"href":"https:\/\/boutiquehotel-angerer.de\/en\/wp-json\/wp\/v2\/users\/1"}],"replies":[{"embeddable":true,"href":"https:\/\/boutiquehotel-angerer.de\/en\/wp-json\/wp\/v2\/comments?post=55"}],"version-history":[{"count":41,"href":"https:\/\/boutiquehotel-angerer.de\/en\/wp-json\/wp\/v2\/pages\/55\/revisions"}],"predecessor-version":[{"id":2887,"href":"https:\/\/boutiquehotel-angerer.de\/en\/wp-json\/wp\/v2\/pages\/55\/revisions\/2887"}],"wp:attachment":[{"href":"https:\/\/boutiquehotel-angerer.de\/en\/wp-json\/wp\/v2\/media?parent=55"}],"curies":[{"name":"wp","href":"https:\/\/api.w.org\/{rel}","templated":true}]}}